{"id":99,"date":"2018-01-20T13:31:46","date_gmt":"2018-01-20T13:31:46","guid":{"rendered":"http:\/\/islandpferdefreunde-zdm.net\/?page_id=99"},"modified":"2025-02-01T07:55:32","modified_gmt":"2025-02-01T07:55:32","slug":"toeltgefluester","status":"publish","type":"page","link":"https:\/\/islandpferdefreunde-zdm.net\/?page_id=99","title":{"rendered":"T\u00f6ltgefl\u00fcster"},"content":{"rendered":"<p>Hier findet ihr das T\u00f6ltgefl\u00fcster zum Download.<\/p>\n<p><a href=\"http:\/\/islandpferdefreunde-zdm.net\/wp-content\/uploads\/2025\/02\/Toltgefluster_12-2024.pdf\">T\u00f6ltgefl\u00fcster Dezember 2024<\/a><\/p>\n<p><a href=\"http:\/\/islandpferdefreunde-zdm.net\/wp-content\/uploads\/2023\/12\/Toeltgefluester_12-2013_Final_V3.pdf\">T\u00f6ltgefl\u00fcster Dezember 2023<\/a><\/p>\n<p><a href=\"http:\/\/islandpferdefreunde-zdm.net\/wp-content\/uploads\/2023\/02\/Toeltgefluester_11-2022_Final2.pdf\">T\u00f6ltgefl\u00fcster November 2022<\/a><\/p>\n<p><a href=\"http:\/\/islandpferdefreunde-zdm.net\/wp-content\/uploads\/2022\/01\/Toeltgefluester_12-2021_V2.pdf\" data-rich-text-format-boundary=\"true\">T\u00f6ltgefl\u00fcster Dezember 2021<\/a><\/p>\n<p><a href=\"http:\/\/islandpferdefreunde-zdm.net\/wp-content\/uploads\/2022\/01\/Toeltgefluester_FINAL_09_2021.pdf\" data-rich-text-format-boundary=\"true\">T\u00f6ltgefl\u00fcster September 2021<\/a><\/p>\n<p><a href=\"http:\/\/islandpferdefreunde-zdm.net\/wp-content\/uploads\/2020\/05\/T\u00f6ltgefl\u00fcster_Mai-2020.pdf\" data-rich-text-format-boundary=\"true\"> T\u00f6ltgefl\u00fcster Mai 2020<\/a><\/p>\n<p><a href=\"http:\/\/islandpferdefreunde-zdm.net\/wp-content\/uploads\/2019\/12\/T\u00f6ltgefl\u00fcster_2019_final.pdf\">T\u00f6ltgefl\u00fcster Dezember 2019<\/a><\/p>\n<p><a href=\"http:\/\/islandpferdefreunde-zdm.net\/wp-content\/uploads\/2018\/01\/T\u00f6ltgefl\u00fcsterDezember2017.pdf\">T\u00f6ltgefl\u00fcster Dezember 2017<\/a><\/p>\n\n\n<p><\/p>\n\n\n\n<p><\/p>\n\n\n\n<p><\/p>\n\n\n\n<p><\/p>\n\n\n\n<p><\/p>\n","protected":false},"excerpt":{"rendered":"<p>Hier findet ihr das T\u00f6ltgefl\u00fcster zum Download. T\u00f6ltgefl\u00fcster Dezember 2024 T\u00f6ltgefl\u00fcster Dezember 2023 T\u00f6ltgefl\u00fcster November 2022 T\u00f6ltgefl\u00fcster Dezember 2021 T\u00f6ltgefl\u00fcster September 2021 T\u00f6ltgefl\u00fcster Mai 2020 T\u00f6ltgefl\u00fcster Dezember 2019 T\u00f6ltgefl\u00fcster Dezember 2017<\/p>\n","protected":false},"author":1,"featured_media":0,"parent":2,"menu_order":0,"comment_status":"closed","ping_status":"closed","template":"","meta":{"footnotes":""},"class_list":["post-99","page","type-page","status-publish","hentry"],"_links":{"self":[{"href":"https:\/\/islandpferdefreunde-zdm.net\/index.php?rest_route=\/wp\/v2\/pages\/99","targetHints":{"allow":["GET"]}}],"collection":[{"href":"https:\/\/islandpferdefreunde-zdm.net\/index.php?rest_route=\/wp\/v2\/pages"}],"about":[{"href":"https:\/\/islandpferdefreunde-zdm.net\/index.php?rest_route=\/wp\/v2\/types\/page"}],"author":[{"embeddable":true,"href":"https:\/\/islandpferdefreunde-zdm.net\/index.php?rest_route=\/wp\/v2\/users\/1"}],"replies":[{"embeddable":true,"href":"https:\/\/islandpferdefreunde-zdm.net\/index.php?rest_route=%2Fwp%2Fv2%2Fcomments&post=99"}],"version-history":[{"count":11,"href":"https:\/\/islandpferdefreunde-zdm.net\/index.php?rest_route=\/wp\/v2\/pages\/99\/revisions"}],"predecessor-version":[{"id":1493,"href":"https:\/\/islandpferdefreunde-zdm.net\/index.php?rest_route=\/wp\/v2\/pages\/99\/revisions\/1493"}],"up":[{"embeddable":true,"href":"https:\/\/islandpferdefreunde-zdm.net\/index.php?rest_route=\/wp\/v2\/pages\/2"}],"wp:attachment":[{"href":"https:\/\/islandpferdefreunde-zdm.net\/index.php?rest_route=%2Fwp%2Fv2%2Fmedia&parent=99"}],"curies":[{"name":"wp","href":"https:\/\/api.w.org\/{rel}","templated":true}]}}