{"id":945,"date":"2023-02-08T07:39:17","date_gmt":"2023-02-08T07:39:17","guid":{"rendered":"http:\/\/islandpferdefreunde-zdm.net\/?page_id=945"},"modified":"2023-10-09T18:20:57","modified_gmt":"2023-10-09T18:20:57","slug":"termine-2023","status":"publish","type":"page","link":"https:\/\/islandpferdefreunde-zdm.net\/?page_id=945","title":{"rendered":"Termine 2023"},"content":{"rendered":"\n<p><strong>Jahreshauptversammlung<\/strong><br>am <strong>Freitag, 24. Februar 2023<\/strong> um 19:00 Uhr im Restaurant Ruhekrug in<br>24850 L\u00fcrschau, Ruhekrug 21 (Flohmarkt und B\u00fccherb\u00f6rse ab 18.00 Uhr)<\/p>\n\n\n\n<p><strong>24. Februar<\/strong> Jahreshauptversammlung im Ruhekrug, L\u00fcrschau <\/p>\n\n\n\n<p><strong>22.\/23. April<\/strong> Kurs mit Nancy Heiber in Klappholz bei Petra S\u00fcdmeyer<\/p>\n\n\n\n<p><strong>&nbsp;1. Mai-Ritt<\/strong>&nbsp;bei Margrit&nbsp;Schoo&nbsp;in D\u00f6rpling (Infos gerne bei Margrit erfragen unter +49 1512 4236837)<\/p>\n\n\n\n<p><strong>10. Juni<\/strong>&nbsp;Ausritt in St. Peter mit Maybritt<\/p>\n\n\n\n<p><strong>18. Juni<\/strong> Tageskurs mit Jule Libelt in Kleve (Infos gerne bei Regina erfragen unter +49 1523 6751017)<\/p>\n\n\n\n<p><strong>23. Juli<\/strong> Ausritt in St. Peter <a href=\"x-apple-data-detectors:\/\/2\">17:00<\/a>&nbsp;treffen am B\u00f6hler Strand Anh\u00e4ngerparkplatz.&nbsp;<br>Bitte um eine kurze Anmeldung wer dabei ist bei Maybritt&nbsp;+49 15151844484&nbsp;)<\/p>\n\n\n\n<p><strong>30. Juli<\/strong> Spa\u00dfringreiten<a href=\"x-apple-data-detectors:\/\/4\"> <\/a>in Tating&nbsp; Beginn des Reiten&nbsp;um 14:00                                                             (Anmeldung bitte&nbsp;bis zum 23.07.23&nbsp;bei Maybritt&nbsp;+49 15151844484)<\/p>\n\n\n\n<p> <strong>19. August<\/strong> Kurs \u201eYoga f\u00fcr den Reitersitz\u201c mit Daniela K\u00e4mmerer auf dem Hof Elmholz 7, 24860 Klappholz <\/p>\n\n\n\n<p><strong>26.\/27. August<\/strong> Kurs mit Nancy Heiber in Wanderup (Organisation Nina)<\/p>\n\n\n\n<p><strong>&nbsp;3.&nbsp;September<\/strong>&nbsp;l\u00e4ngerer&nbsp;Ausritt&nbsp;(2-3 Stunden) in Kleve, Familie Wulff<\/p>\n\n\n\n<p><strong>21. Oktober<\/strong> Reitkurs mit Meike Mieckley (fr\u00fcher B\u00e4ck) auf Reitplatz und\/oder Ovalbahn bei Katharina  in Rabenkirchenholz (Anmeldungen und Infos bei Katharina unter 01522 4397254)<\/p>\n\n\n\n<p>\u2022&nbsp;Ausritte:&nbsp;jeden Sonntag in Kleve. Bitte&nbsp;anmelden&nbsp;bei&nbsp;Familie Wulff!<\/p>\n\n\n\n<p><\/p>\n\n\n\n<p class=\"has-large-font-size\">&nbsp;<strong>Stammtische&nbsp;2023<\/strong><\/p>\n\n\n\n<p><strong>30.06<\/strong> Stammtisch bei Catrin in Gangerschild,&nbsp;evtl.&nbsp;mit Vortrag&nbsp;\u201eAlte Pferde\u201c&nbsp;von Katharina&nbsp;<\/p>\n\n\n\n<p><strong>29.09<\/strong> Stammtisch im Ruhekrug<\/p>\n\n\n\n<p><strong>27.10<\/strong> \u00a0Stammtisch\u00a0im Hotel &amp; Restaurant Schimmelreiter in Silberstedt (Treffen zum Stammtisch ab 19 Uhr, vorab Vorstandssitzung)<\/p>\n\n\n\n<p><strong>24.11<\/strong> Stammtisch&nbsp;Gut Appeld\u00f6r<\/p>\n","protected":false},"excerpt":{"rendered":"<p>Jahreshauptversammlungam Freitag, 24. Februar 2023 um 19:00 Uhr im Restaurant Ruhekrug in24850 L\u00fcrschau, Ruhekrug 21 (Flohmarkt und B\u00fccherb\u00f6rse ab 18.00 Uhr) 24. Februar Jahreshauptversammlung im Ruhekrug, L\u00fcrschau 22.\/23. April Kurs mit Nancy Heiber in Klappholz bei Petra S\u00fcdmeyer &nbsp;1. Mai-Ritt&nbsp;bei Margrit&nbsp;Schoo&nbsp;in D\u00f6rpling (Infos gerne bei Margrit erfragen unter +49 1512 4236837) 10. Juni&nbsp;Ausritt in St. [&hellip;]<\/p>\n","protected":false},"author":1,"featured_media":0,"parent":0,"menu_order":0,"comment_status":"closed","ping_status":"closed","template":"","meta":{"footnotes":""},"class_list":["post-945","page","type-page","status-publish","hentry"],"_links":{"self":[{"href":"https:\/\/islandpferdefreunde-zdm.net\/index.php?rest_route=\/wp\/v2\/pages\/945","targetHints":{"allow":["GET"]}}],"collection":[{"href":"https:\/\/islandpferdefreunde-zdm.net\/index.php?rest_route=\/wp\/v2\/pages"}],"about":[{"href":"https:\/\/islandpferdefreunde-zdm.net\/index.php?rest_route=\/wp\/v2\/types\/page"}],"author":[{"embeddable":true,"href":"https:\/\/islandpferdefreunde-zdm.net\/index.php?rest_route=\/wp\/v2\/users\/1"}],"replies":[{"embeddable":true,"href":"https:\/\/islandpferdefreunde-zdm.net\/index.php?rest_route=%2Fwp%2Fv2%2Fcomments&post=945"}],"version-history":[{"count":12,"href":"https:\/\/islandpferdefreunde-zdm.net\/index.php?rest_route=\/wp\/v2\/pages\/945\/revisions"}],"predecessor-version":[{"id":1179,"href":"https:\/\/islandpferdefreunde-zdm.net\/index.php?rest_route=\/wp\/v2\/pages\/945\/revisions\/1179"}],"wp:attachment":[{"href":"https:\/\/islandpferdefreunde-zdm.net\/index.php?rest_route=%2Fwp%2Fv2%2Fmedia&parent=945"}],"curies":[{"name":"wp","href":"https:\/\/api.w.org\/{rel}","templated":true}]}}