{"id":22,"date":"2018-01-20T11:30:11","date_gmt":"2018-01-20T11:30:11","guid":{"rendered":"http:\/\/islandpferdefreunde-zdm.net\/?page_id=22"},"modified":"2026-03-29T06:28:26","modified_gmt":"2026-03-29T06:28:26","slug":"vorstand","status":"publish","type":"page","link":"https:\/\/islandpferdefreunde-zdm.net\/?page_id=22","title":{"rendered":"Vorstand"},"content":{"rendered":"\n<figure class=\"wp-block-image size-full is-style-default\"><img loading=\"lazy\" decoding=\"async\" width=\"2560\" height=\"1682\" src=\"http:\/\/islandpferdefreunde-zdm.net\/wp-content\/uploads\/2024\/08\/39150017-Bearbeitet-scaled.jpg\" alt=\"\" class=\"wp-image-1303\" srcset=\"https:\/\/islandpferdefreunde-zdm.net\/wp-content\/uploads\/2024\/08\/39150017-Bearbeitet-scaled.jpg 2560w, https:\/\/islandpferdefreunde-zdm.net\/wp-content\/uploads\/2024\/08\/39150017-Bearbeitet-300x197.jpg 300w, https:\/\/islandpferdefreunde-zdm.net\/wp-content\/uploads\/2024\/08\/39150017-Bearbeitet-1024x673.jpg 1024w, https:\/\/islandpferdefreunde-zdm.net\/wp-content\/uploads\/2024\/08\/39150017-Bearbeitet-768x505.jpg 768w, https:\/\/islandpferdefreunde-zdm.net\/wp-content\/uploads\/2024\/08\/39150017-Bearbeitet-1536x1009.jpg 1536w, https:\/\/islandpferdefreunde-zdm.net\/wp-content\/uploads\/2024\/08\/39150017-Bearbeitet-2048x1345.jpg 2048w\" sizes=\"auto, (max-width: 2560px) 100vw, 2560px\" \/><figcaption class=\"wp-element-caption\">Foto: Marte Engelbrecht<\/figcaption><\/figure>\n\n\n<div class=\"wp-block-group\">\n<div class=\"wp-block-group__inner-container\"><\/div>\n<\/div>\n<div class=\"wp-block-group\">\n<div class=\"wp-block-group__inner-container\">&nbsp;<\/div>\n<\/div>\n\n\n<div class=\"wp-block-group is-layout-flow wp-block-group-is-layout-flow\">\n<h4 class=\"wp-block-heading\">1. Vorsitzende und Gesch\u00e4ftsf\u00fchrung: <a href=\"http:\/\/islandpferdefreunde-zdm.net\/wp-content\/uploads\/2023\/03\/vorstellung.pdf\">Maybritt B\u00f6rner<\/a><\/h4>\n\n\n\n<div class=\"wp-block-columns is-layout-flex wp-container-core-columns-is-layout-1 wp-block-columns-is-layout-flex\">\n<div class=\"wp-block-column is-layout-flow wp-block-column-is-layout-flow\" style=\"flex-basis:100%\">\n<figure class=\"wp-block-image size-large is-resized\"><img loading=\"lazy\" decoding=\"async\" width=\"797\" height=\"1024\" src=\"http:\/\/islandpferdefreunde-zdm.net\/wp-content\/uploads\/2025\/03\/Maybritt-scaled-e1741198779244-797x1024.jpeg\" alt=\"\" class=\"wp-image-1501\" style=\"width:290px;height:auto\" srcset=\"https:\/\/islandpferdefreunde-zdm.net\/wp-content\/uploads\/2025\/03\/Maybritt-scaled-e1741198779244-797x1024.jpeg 797w, https:\/\/islandpferdefreunde-zdm.net\/wp-content\/uploads\/2025\/03\/Maybritt-scaled-e1741198779244-233x300.jpeg 233w, https:\/\/islandpferdefreunde-zdm.net\/wp-content\/uploads\/2025\/03\/Maybritt-scaled-e1741198779244-768x987.jpeg 768w, https:\/\/islandpferdefreunde-zdm.net\/wp-content\/uploads\/2025\/03\/Maybritt-scaled-e1741198779244-1195x1536.jpeg 1195w, https:\/\/islandpferdefreunde-zdm.net\/wp-content\/uploads\/2025\/03\/Maybritt-scaled-e1741198779244.jpeg 1450w\" sizes=\"auto, (max-width: 797px) 100vw, 797px\" \/><\/figure>\n<\/div>\n<\/div>\n\n\n\n<p>25881 Tating<br>Tel: 0151 51844484<br>May_gracia[at]web.de<a href=\"mailto:Brigitta.Deutschmann@gmx.de\"><\/a><\/p>\n\n\n\n<p><\/p>\n\n\n\n<h4 class=\"wp-block-heading\">Freizeitreferentin: Katharina Voss<\/h4>\n\n\n\n<figure class=\"wp-block-image size-full is-resized\"><img loading=\"lazy\" decoding=\"async\" width=\"969\" height=\"961\" src=\"http:\/\/islandpferdefreunde-zdm.net\/wp-content\/uploads\/2020\/10\/73349C37-F71E-4683-A02C-BF4AA00633CF.jpeg\" alt=\"\" class=\"wp-image-722\" style=\"aspect-ratio:1.5070422535211268;object-fit:cover;width:321px\" srcset=\"https:\/\/islandpferdefreunde-zdm.net\/wp-content\/uploads\/2020\/10\/73349C37-F71E-4683-A02C-BF4AA00633CF.jpeg 969w, https:\/\/islandpferdefreunde-zdm.net\/wp-content\/uploads\/2020\/10\/73349C37-F71E-4683-A02C-BF4AA00633CF-300x298.jpeg 300w, https:\/\/islandpferdefreunde-zdm.net\/wp-content\/uploads\/2020\/10\/73349C37-F71E-4683-A02C-BF4AA00633CF-150x150.jpeg 150w, https:\/\/islandpferdefreunde-zdm.net\/wp-content\/uploads\/2020\/10\/73349C37-F71E-4683-A02C-BF4AA00633CF-768x762.jpeg 768w, https:\/\/islandpferdefreunde-zdm.net\/wp-content\/uploads\/2020\/10\/73349C37-F71E-4683-A02C-BF4AA00633CF-600x595.jpeg 600w, https:\/\/islandpferdefreunde-zdm.net\/wp-content\/uploads\/2020\/10\/73349C37-F71E-4683-A02C-BF4AA00633CF-945x937.jpeg 945w\" sizes=\"auto, (max-width: 969px) 100vw, 969px\" \/><\/figure>\n\n\n\n<p>24407 Rabenkirchenholz und 24103 Kiel<br>Tel: 01522 4397254<br>Katharina_voss_[at]gmx.de&nbsp;<a href=\"mailto:Brigitta.Deutschmann@gmx.de\"><\/a><\/p>\n\n\n\n<h4 class=\"wp-block-heading\">Kassenreferentin: Cornelia Br\u00f6ge<\/h4>\n\n\n\n<figure class=\"wp-block-image size-large is-resized\"><img loading=\"lazy\" decoding=\"async\" width=\"1024\" height=\"870\" src=\"http:\/\/islandpferdefreunde-zdm.net\/wp-content\/uploads\/2024\/08\/PHOTO-2024-08-29-21-23-08-1-1024x870.jpg\" alt=\"\" class=\"wp-image-1443\" style=\"width:321px\" srcset=\"https:\/\/islandpferdefreunde-zdm.net\/wp-content\/uploads\/2024\/08\/PHOTO-2024-08-29-21-23-08-1-1024x870.jpg 1024w, https:\/\/islandpferdefreunde-zdm.net\/wp-content\/uploads\/2024\/08\/PHOTO-2024-08-29-21-23-08-1-300x255.jpg 300w, https:\/\/islandpferdefreunde-zdm.net\/wp-content\/uploads\/2024\/08\/PHOTO-2024-08-29-21-23-08-1-768x652.jpg 768w, https:\/\/islandpferdefreunde-zdm.net\/wp-content\/uploads\/2024\/08\/PHOTO-2024-08-29-21-23-08-1.jpg 1169w\" sizes=\"auto, (max-width: 1024px) 100vw, 1024px\" \/><\/figure>\n\n\n\n<p>24860 B\u00f6klund <br>Tel: 0172 4111912<a href=\"mailto:Brigitta.Deutschmann@gmx.de\"><\/a><\/p>\n\n\n\n<h4 class=\"wp-block-heading\">Pressereferentin: Inken Mauscherning<\/h4>\n\n\n\n<figure class=\"wp-block-image size-medium is-resized\"><img loading=\"lazy\" decoding=\"async\" width=\"300\" height=\"225\" src=\"https:\/\/islandpferdefreunde-zdm.net\/wp-content\/uploads\/2024\/08\/IMG_1330-300x225.jpg\" alt=\"\" class=\"wp-image-1378\" style=\"aspect-ratio:1.5070422535211268;object-fit:cover;width:321px\" srcset=\"https:\/\/islandpferdefreunde-zdm.net\/wp-content\/uploads\/2024\/08\/IMG_1330-300x225.jpg 300w, https:\/\/islandpferdefreunde-zdm.net\/wp-content\/uploads\/2024\/08\/IMG_1330-1024x768.jpg 1024w, https:\/\/islandpferdefreunde-zdm.net\/wp-content\/uploads\/2024\/08\/IMG_1330-768x576.jpg 768w, https:\/\/islandpferdefreunde-zdm.net\/wp-content\/uploads\/2024\/08\/IMG_1330-1536x1152.jpg 1536w, https:\/\/islandpferdefreunde-zdm.net\/wp-content\/uploads\/2024\/08\/IMG_1330.jpg 2016w\" sizes=\"auto, (max-width: 300px) 100vw, 300px\" \/><\/figure>\n\n\n\n<p>25889 Witzwort<br>Tel: 0160 90221093<br>imauscherning[at]gmx.de&nbsp;<a href=\"mailto:Brigitta.Deutschmann@gmx.de\"><\/a><\/p>\n\n\n\n<p><\/p>\n\n\n\n<p><\/p>\n\n\n\n<h4 class=\"wp-block-heading\">Jugendreferentin: Britta Ebert<\/h4>\n\n\n\n<figure class=\"wp-block-image size-medium is-resized\"><img loading=\"lazy\" decoding=\"async\" width=\"300\" height=\"279\" src=\"http:\/\/islandpferdefreunde-zdm.net\/wp-content\/uploads\/2026\/03\/PHOTO-2026-03-23-11-35-35_Britta-300x279.jpg\" alt=\"\" class=\"wp-image-1615\" style=\"aspect-ratio:1.5070422535211268;object-fit:cover;width:321px\" srcset=\"https:\/\/islandpferdefreunde-zdm.net\/wp-content\/uploads\/2026\/03\/PHOTO-2026-03-23-11-35-35_Britta-300x279.jpg 300w, https:\/\/islandpferdefreunde-zdm.net\/wp-content\/uploads\/2026\/03\/PHOTO-2026-03-23-11-35-35_Britta-1024x951.jpg 1024w, https:\/\/islandpferdefreunde-zdm.net\/wp-content\/uploads\/2026\/03\/PHOTO-2026-03-23-11-35-35_Britta-768x713.jpg 768w, https:\/\/islandpferdefreunde-zdm.net\/wp-content\/uploads\/2026\/03\/PHOTO-2026-03-23-11-35-35_Britta.jpg 1497w\" sizes=\"auto, (max-width: 300px) 100vw, 300px\" \/><\/figure>\n\n\n\n<div class=\"wp-block-group is-vertical is-layout-flex wp-container-core-group-is-layout-1 wp-block-group-is-layout-flex\">\n<p>Tel: 0160-8550781<\/p>\n\n\n\n<p>Kawasbest[at]freenet.de<\/p>\n\n\n\n<p><\/p>\n\n\n\n<h4 class=\"wp-block-heading\">Sportreferentin: Lena Hagen<\/h4>\n\n\n\n<figure class=\"wp-block-image size-medium is-resized\"><img loading=\"lazy\" decoding=\"async\" width=\"300\" height=\"296\" src=\"http:\/\/islandpferdefreunde-zdm.net\/wp-content\/uploads\/2025\/03\/Lena-Hagen-300x296.jpeg\" alt=\"\" class=\"wp-image-1499\" style=\"aspect-ratio:1.5070422535211268;object-fit:cover;width:330px;height:auto\" srcset=\"https:\/\/islandpferdefreunde-zdm.net\/wp-content\/uploads\/2025\/03\/Lena-Hagen-300x296.jpeg 300w, https:\/\/islandpferdefreunde-zdm.net\/wp-content\/uploads\/2025\/03\/Lena-Hagen-1024x1010.jpeg 1024w, https:\/\/islandpferdefreunde-zdm.net\/wp-content\/uploads\/2025\/03\/Lena-Hagen-768x758.jpeg 768w, https:\/\/islandpferdefreunde-zdm.net\/wp-content\/uploads\/2025\/03\/Lena-Hagen.jpeg 1179w\" sizes=\"auto, (max-width: 300px) 100vw, 300px\" \/><\/figure>\n<\/div>\n\n\n\n<p>Tel: 0173 9541600<br>lena.hagen90[at]web.de<\/p>\n\n\n\n<p><\/p>\n\n\n\n<p><\/p>\n\n\n\n<p><\/p>\n\n\n\n<p><\/p>\n\n\n\n<p><\/p>\n<\/div>\n","protected":false},"excerpt":{"rendered":"<p>&nbsp; 1. Vorsitzende und Gesch\u00e4ftsf\u00fchrung: Maybritt B\u00f6rner 25881 TatingTel: 0151 51844484May_gracia[at]web.de Freizeitreferentin: Katharina Voss 24407 Rabenkirchenholz und 24103 KielTel: 01522 4397254Katharina_voss_[at]gmx.de&nbsp; Kassenreferentin: Cornelia Br\u00f6ge 24860 B\u00f6klund Tel: 0172 4111912 Pressereferentin: Inken Mauscherning 25889 WitzwortTel: 0160 90221093imauscherning[at]gmx.de&nbsp; Jugendreferentin: Britta Ebert Tel: 0160-8550781 Kawasbest[at]freenet.de Sportreferentin: Lena Hagen Tel: 0173 9541600lena.hagen90[at]web.de<\/p>\n","protected":false},"author":1,"featured_media":0,"parent":2,"menu_order":0,"comment_status":"closed","ping_status":"closed","template":"template-fullwidth.php","meta":{"footnotes":""},"class_list":["post-22","page","type-page","status-publish","hentry"],"_links":{"self":[{"href":"https:\/\/islandpferdefreunde-zdm.net\/index.php?rest_route=\/wp\/v2\/pages\/22","targetHints":{"allow":["GET"]}}],"collection":[{"href":"https:\/\/islandpferdefreunde-zdm.net\/index.php?rest_route=\/wp\/v2\/pages"}],"about":[{"href":"https:\/\/islandpferdefreunde-zdm.net\/index.php?rest_route=\/wp\/v2\/types\/page"}],"author":[{"embeddable":true,"href":"https:\/\/islandpferdefreunde-zdm.net\/index.php?rest_route=\/wp\/v2\/users\/1"}],"replies":[{"embeddable":true,"href":"https:\/\/islandpferdefreunde-zdm.net\/index.php?rest_route=%2Fwp%2Fv2%2Fcomments&post=22"}],"version-history":[{"count":70,"href":"https:\/\/islandpferdefreunde-zdm.net\/index.php?rest_route=\/wp\/v2\/pages\/22\/revisions"}],"predecessor-version":[{"id":1617,"href":"https:\/\/islandpferdefreunde-zdm.net\/index.php?rest_route=\/wp\/v2\/pages\/22\/revisions\/1617"}],"up":[{"embeddable":true,"href":"https:\/\/islandpferdefreunde-zdm.net\/index.php?rest_route=\/wp\/v2\/pages\/2"}],"wp:attachment":[{"href":"https:\/\/islandpferdefreunde-zdm.net\/index.php?rest_route=%2Fwp%2Fv2%2Fmedia&parent=22"}],"curies":[{"name":"wp","href":"https:\/\/api.w.org\/{rel}","templated":true}]}}