{"id":2,"date":"2016-05-10T03:48:21","date_gmt":"2016-05-10T03:48:21","guid":{"rendered":"http:\/\/islandpferdefreunde-zdm.net\/?page_id=2"},"modified":"2024-08-10T12:15:34","modified_gmt":"2024-08-10T12:15:34","slug":"sample-page","status":"publish","type":"page","link":"https:\/\/islandpferdefreunde-zdm.net\/?page_id=2","title":{"rendered":"\u00dcber uns"},"content":{"rendered":"<p>Unser Verein z\u00e4hlt zur Zeit ca. 120 Mitglieder und wird von einem 6-k\u00f6pfigen Vorstand geleitet.<\/p>\n<p>Der <a href=\"https:\/\/islandpferdefreunde-zdm.net\/?page_id=22\">Vorstand<\/a> besteht aus einer Vorsitzenden und einer Gesch\u00e4ftsf\u00fchrerin und 4 weiteren Referentinnen.\u00a0\u00a0<\/p>\n\n\n<figure class=\"wp-block-image aligncenter size-medium is-resized is-style-default\"><img loading=\"lazy\" decoding=\"async\" width=\"300\" height=\"294\" src=\"http:\/\/islandpferdefreunde-zdm.net\/wp-content\/uploads\/2020\/10\/2B5B2ADC-95D8-4EA6-8787-325822820000-300x294.jpeg\" alt=\"\" class=\"wp-image-698\" style=\"width:467px;height:auto\" srcset=\"https:\/\/islandpferdefreunde-zdm.net\/wp-content\/uploads\/2020\/10\/2B5B2ADC-95D8-4EA6-8787-325822820000-300x294.jpeg 300w, https:\/\/islandpferdefreunde-zdm.net\/wp-content\/uploads\/2020\/10\/2B5B2ADC-95D8-4EA6-8787-325822820000-1024x1003.jpeg 1024w, https:\/\/islandpferdefreunde-zdm.net\/wp-content\/uploads\/2020\/10\/2B5B2ADC-95D8-4EA6-8787-325822820000-768x752.jpeg 768w, https:\/\/islandpferdefreunde-zdm.net\/wp-content\/uploads\/2020\/10\/2B5B2ADC-95D8-4EA6-8787-325822820000-1536x1504.jpeg 1536w, https:\/\/islandpferdefreunde-zdm.net\/wp-content\/uploads\/2020\/10\/2B5B2ADC-95D8-4EA6-8787-325822820000-2048x2006.jpeg 2048w, https:\/\/islandpferdefreunde-zdm.net\/wp-content\/uploads\/2020\/10\/2B5B2ADC-95D8-4EA6-8787-325822820000-600x588.jpeg 600w, https:\/\/islandpferdefreunde-zdm.net\/wp-content\/uploads\/2020\/10\/2B5B2ADC-95D8-4EA6-8787-325822820000-945x925.jpeg 945w\" sizes=\"auto, (max-width: 300px) 100vw, 300px\" \/><\/figure>\n\n\n\n<p class=\"has-small-font-size\"><\/p>\n","protected":false},"excerpt":{"rendered":"<p>Unser Verein z\u00e4hlt zur Zeit ca. 120 Mitglieder und wird von einem 6-k\u00f6pfigen Vorstand geleitet. Der Vorstand besteht aus einer Vorsitzenden und einer Gesch\u00e4ftsf\u00fchrerin und 4 weiteren Referentinnen.\u00a0\u00a0<\/p>\n","protected":false},"author":1,"featured_media":0,"parent":0,"menu_order":0,"comment_status":"closed","ping_status":"open","template":"","meta":{"footnotes":""},"class_list":["post-2","page","type-page","status-publish","hentry"],"_links":{"self":[{"href":"https:\/\/islandpferdefreunde-zdm.net\/index.php?rest_route=\/wp\/v2\/pages\/2","targetHints":{"allow":["GET"]}}],"collection":[{"href":"https:\/\/islandpferdefreunde-zdm.net\/index.php?rest_route=\/wp\/v2\/pages"}],"about":[{"href":"https:\/\/islandpferdefreunde-zdm.net\/index.php?rest_route=\/wp\/v2\/types\/page"}],"author":[{"embeddable":true,"href":"https:\/\/islandpferdefreunde-zdm.net\/index.php?rest_route=\/wp\/v2\/users\/1"}],"replies":[{"embeddable":true,"href":"https:\/\/islandpferdefreunde-zdm.net\/index.php?rest_route=%2Fwp%2Fv2%2Fcomments&post=2"}],"version-history":[{"count":12,"href":"https:\/\/islandpferdefreunde-zdm.net\/index.php?rest_route=\/wp\/v2\/pages\/2\/revisions"}],"predecessor-version":[{"id":1389,"href":"https:\/\/islandpferdefreunde-zdm.net\/index.php?rest_route=\/wp\/v2\/pages\/2\/revisions\/1389"}],"wp:attachment":[{"href":"https:\/\/islandpferdefreunde-zdm.net\/index.php?rest_route=%2Fwp%2Fv2%2Fmedia&parent=2"}],"curies":[{"name":"wp","href":"https:\/\/api.w.org\/{rel}","templated":true}]}}