{"id":18,"date":"2018-01-20T11:29:40","date_gmt":"2018-01-20T11:29:40","guid":{"rendered":"http:\/\/islandpferdefreunde-zdm.net\/?page_id=18"},"modified":"2025-03-30T17:51:43","modified_gmt":"2025-03-30T17:51:43","slug":"links","status":"publish","type":"page","link":"https:\/\/islandpferdefreunde-zdm.net\/?page_id=18","title":{"rendered":"Mitglied werden"},"content":{"rendered":"\n<p>Du hast Lust auf einen informativen und wertsch\u00e4tzenden Austausch mit anderen Isi-Freundinnen und -Freunden, m\u00f6chtest mit Gleichgesinnten Spa\u00df haben und dich weiterbilden?&nbsp; Dann freuen wir uns, wenn du Teil unserer Gemeinschaft wirst.<\/p>\n\n\n\n<p><strong>Deine Vorteile:<\/strong><\/p>\n\n\n\n<ul class=\"wp-block-list\">\n<li>4 x pro Jahr kostenlos die Zeitschrift \u201eHestur\u201c und 6 x pro Jahr \u201eDas Islandpferd\u201c<\/li>\n\n\n\n<li>Buntes Programm mit Ausritten, Stammtischen und Lehrg\u00e4ngen<\/li>\n\n\n\n<li>Jahreshauptversammlung mit Flohmarkt<\/li>\n\n\n\n<li>Kennenlernen vieler netter gleichgesinnter Islandpferdefreundinnen und -freunde<\/li>\n<\/ul>\n\n\n\n<p><strong>Unsere Mitgliedsjahresbeitr\u00e4ge:<\/strong><br>Einzelmitglied: 60\u20ac<br>Familienmitglied: 90\u20ac<br>Jugendliche\/Studenten: 35\u20ac<\/p>\n\n\n\n<p>Passives Mitglied\/ Nichtreiter: 35\u20ac<\/p>\n\n\n\n<p><strong><a href=\"http:\/\/islandpferdefreunde-zdm.net\/wp-content\/uploads\/2025\/03\/Aufnahmeantrag-2025-Neu.pdf\" data-type=\"post\" data-id=\"1011\">Antragsformular<\/a><\/strong><\/p>\n\n\n\n<figure class=\"wp-block-image size-full is-resized is-style-default\"><img loading=\"lazy\" decoding=\"async\" width=\"1024\" height=\"768\" src=\"http:\/\/islandpferdefreunde-zdm.net\/wp-content\/uploads\/2023\/08\/PHOTO-2023-08-28-10-23-57.jpg\" alt=\"\" class=\"wp-image-1161\" style=\"width:605px;height:auto\" srcset=\"https:\/\/islandpferdefreunde-zdm.net\/wp-content\/uploads\/2023\/08\/PHOTO-2023-08-28-10-23-57.jpg 1024w, https:\/\/islandpferdefreunde-zdm.net\/wp-content\/uploads\/2023\/08\/PHOTO-2023-08-28-10-23-57-300x225.jpg 300w, https:\/\/islandpferdefreunde-zdm.net\/wp-content\/uploads\/2023\/08\/PHOTO-2023-08-28-10-23-57-768x576.jpg 768w, https:\/\/islandpferdefreunde-zdm.net\/wp-content\/uploads\/2023\/08\/PHOTO-2023-08-28-10-23-57-600x450.jpg 600w, https:\/\/islandpferdefreunde-zdm.net\/wp-content\/uploads\/2023\/08\/PHOTO-2023-08-28-10-23-57-945x709.jpg 945w\" sizes=\"auto, (max-width: 1024px) 100vw, 1024px\" \/><\/figure>\n","protected":false},"excerpt":{"rendered":"<p>Du hast Lust auf einen informativen und wertsch\u00e4tzenden Austausch mit anderen Isi-Freundinnen und -Freunden, m\u00f6chtest mit Gleichgesinnten Spa\u00df haben und dich weiterbilden?&nbsp; Dann freuen wir uns, wenn du Teil unserer Gemeinschaft wirst. Deine Vorteile: Unsere Mitgliedsjahresbeitr\u00e4ge:Einzelmitglied: 60\u20acFamilienmitglied: 90\u20acJugendliche\/Studenten: 35\u20ac Passives Mitglied\/ Nichtreiter: 35\u20ac Antragsformular<\/p>\n","protected":false},"author":1,"featured_media":0,"parent":0,"menu_order":0,"comment_status":"closed","ping_status":"closed","template":"","meta":{"footnotes":""},"class_list":["post-18","page","type-page","status-publish","hentry"],"_links":{"self":[{"href":"https:\/\/islandpferdefreunde-zdm.net\/index.php?rest_route=\/wp\/v2\/pages\/18","targetHints":{"allow":["GET"]}}],"collection":[{"href":"https:\/\/islandpferdefreunde-zdm.net\/index.php?rest_route=\/wp\/v2\/pages"}],"about":[{"href":"https:\/\/islandpferdefreunde-zdm.net\/index.php?rest_route=\/wp\/v2\/types\/page"}],"author":[{"embeddable":true,"href":"https:\/\/islandpferdefreunde-zdm.net\/index.php?rest_route=\/wp\/v2\/users\/1"}],"replies":[{"embeddable":true,"href":"https:\/\/islandpferdefreunde-zdm.net\/index.php?rest_route=%2Fwp%2Fv2%2Fcomments&post=18"}],"version-history":[{"count":17,"href":"https:\/\/islandpferdefreunde-zdm.net\/index.php?rest_route=\/wp\/v2\/pages\/18\/revisions"}],"predecessor-version":[{"id":1534,"href":"https:\/\/islandpferdefreunde-zdm.net\/index.php?rest_route=\/wp\/v2\/pages\/18\/revisions\/1534"}],"wp:attachment":[{"href":"https:\/\/islandpferdefreunde-zdm.net\/index.php?rest_route=%2Fwp%2Fv2%2Fmedia&parent=18"}],"curies":[{"name":"wp","href":"https:\/\/api.w.org\/{rel}","templated":true}]}}