{"id":1637,"date":"2026-04-06T06:27:57","date_gmt":"2026-04-06T06:27:57","guid":{"rendered":"https:\/\/islandpferdefreunde-zdm.net\/?page_id=1637"},"modified":"2026-04-06T06:27:57","modified_gmt":"2026-04-06T06:27:57","slug":"termine-2025","status":"publish","type":"page","link":"https:\/\/islandpferdefreunde-zdm.net\/?page_id=1637","title":{"rendered":"Termine 2025"},"content":{"rendered":"\n<p><strong>28. Februar Jahreshauptversammlung <\/strong>um 19:00 Uhr im Restaurant Schimmelreiter in 24887 Silberstedt, (Flohmarkt und B\u00fccherb\u00f6rse ab 18.00 Uhr)<\/p>\n\n\n\n<p><strong>23.03. Ausritt in Enge-Sande<\/strong> (Parken am Gel\u00e4ndeplatz)<\/p>\n\n\n\n<p><strong>12.04. Gemeinsamer Ausritt<\/strong><\/p>\n\n\n\n<p><strong>18.04. Reitlehrgang mit Meike Mieckley<\/strong> in 24407 Rabenkirchenholz. <strong>Der Kurs ist bereits ausgebucht \u2013 jedoch ist ein weiterer Termin in Planung.<\/strong><\/p>\n\n\n\n<p><strong>26.04. Besuch Nord-Pferd 2025<\/strong> <strong>in Neum\u00fcnster<\/strong><\/p>\n\n\n\n<p><strong>01.05.<\/strong> <strong>14:00 Uhr Tag des Islandpferdes: Ausritt in Sankt Peter Ording (B\u00f6hl) am Strand<\/strong>, Ansprechpartnerin Maybritt (0151-51844484)<\/p>\n\n\n\n<p><strong>XX.05.<\/strong> <strong>Ausritt in Mohrkirch (weitere Infos WhatsApp Gruppe)<\/strong><\/p>\n\n\n\n<p><strong>03.05. Seminar zum Thema Sattel<\/strong> mit Ina Nielsen in 24407 Rabenkirchenholz. Anmeldung bei Katharina Vo\u00df: katharina_voss_@gmx.de oder 015224397254<\/p>\n\n\n\n<p><strong>24.05. Seminar zum Thema F\u00fctterung von Islandpferden<\/strong> in 24407 Rabenkirchenholz <strong>(vormittags)<\/strong>. Dozentin: Dr. Sc. agr. Katharina Vo\u00df,<\/p>\n\n\n\n<p>Hier findest du weitere Informationen: https:\/\/tierliebe-physio.de<\/p>\n\n\n\n<p>Anmeldung unter: katharina_voss_@gmx.de oder 015224397254<\/p>\n\n\n\n<p><strong>24.05. Workshop zum Thema Altes Pferd<\/strong> in 24407 Rabenkirchenholz <strong>(nachmittags).<\/strong> Neben viel theoretischem Wissen geht es auch praktisch ans Pferd f\u00fcr \u00dcbungen, Massagen und Wellness-Anwendungen. Dozentin: Katharina Vo\u00df, Anmeldung katharina_voss_@gmx.de oder 015224397254<\/p>\n\n\n\n<p><strong>01.06. Gr\u00fcnland Seminar bei Katharina (weitere Infos folgen)<\/strong><\/p>\n\n\n\n<p><strong>21.06.<\/strong> <strong>Sturz und Fall Lehrgang (ohne Pferd) bei Maybritt in 25881 Tating<\/strong><\/p>\n\n\n\n<p><strong>19.07. 50 Jahre IPZV: Feier auf dem Immenhof 11-17 Uhr \u00edn 23714 Malente<\/strong><\/p>\n\n\n\n<p><strong>26.09. Stammtisch <\/strong>bei Jan und Regina Wulff in Kleve<\/p>\n\n\n\n<p><strong>21.11. Stammtisch <\/strong>auf Gut Apeld\u00f6r, Anmeldung bei Regina (0173-9574313)<\/p>\n\n\n\n<p><strong>XX.12. Adventsritt <\/strong>bei Nina S\u00f6rnsen (Datum folgt)<\/p>\n\n\n\n<p><strong>07.12. Passion Pferd in Hannover<\/strong><\/p>\n","protected":false},"excerpt":{"rendered":"<p>28. Februar Jahreshauptversammlung um 19:00 Uhr im Restaurant Schimmelreiter in 24887 Silberstedt, (Flohmarkt und B\u00fccherb\u00f6rse ab 18.00 Uhr) 23.03. Ausritt in Enge-Sande (Parken am Gel\u00e4ndeplatz) 12.04. Gemeinsamer Ausritt 18.04. Reitlehrgang mit Meike Mieckley in 24407 Rabenkirchenholz. Der Kurs ist bereits ausgebucht \u2013 jedoch ist ein weiterer Termin in Planung. 26.04. Besuch Nord-Pferd 2025 in Neum\u00fcnster [&hellip;]<\/p>\n","protected":false},"author":1,"featured_media":0,"parent":0,"menu_order":0,"comment_status":"closed","ping_status":"closed","template":"","meta":{"footnotes":""},"class_list":["post-1637","page","type-page","status-publish","hentry"],"_links":{"self":[{"href":"https:\/\/islandpferdefreunde-zdm.net\/index.php?rest_route=\/wp\/v2\/pages\/1637","targetHints":{"allow":["GET"]}}],"collection":[{"href":"https:\/\/islandpferdefreunde-zdm.net\/index.php?rest_route=\/wp\/v2\/pages"}],"about":[{"href":"https:\/\/islandpferdefreunde-zdm.net\/index.php?rest_route=\/wp\/v2\/types\/page"}],"author":[{"embeddable":true,"href":"https:\/\/islandpferdefreunde-zdm.net\/index.php?rest_route=\/wp\/v2\/users\/1"}],"replies":[{"embeddable":true,"href":"https:\/\/islandpferdefreunde-zdm.net\/index.php?rest_route=%2Fwp%2Fv2%2Fcomments&post=1637"}],"version-history":[{"count":1,"href":"https:\/\/islandpferdefreunde-zdm.net\/index.php?rest_route=\/wp\/v2\/pages\/1637\/revisions"}],"predecessor-version":[{"id":1639,"href":"https:\/\/islandpferdefreunde-zdm.net\/index.php?rest_route=\/wp\/v2\/pages\/1637\/revisions\/1639"}],"wp:attachment":[{"href":"https:\/\/islandpferdefreunde-zdm.net\/index.php?rest_route=%2Fwp%2Fv2%2Fmedia&parent=1637"}],"curies":[{"name":"wp","href":"https:\/\/api.w.org\/{rel}","templated":true}]}}